{"id":12402,"date":"2022-05-22T11:20:07","date_gmt":"2022-05-22T09:20:08","guid":{"rendered":"https:\/\/clayline.net\/?post_type=product&#038;p=12402"},"modified":"2023-11-21T19:20:39","modified_gmt":"2023-11-21T17:20:39","slug":"skodelica-espresso-zaobljena-bela-na-crni-glini","status":"publish","type":"product","link":"https:\/\/clayline.net\/sl\/izdelek\/skodelica-espresso-zaobljena-bela-na-crni-glini\/","title":{"rendered":"skodelica espresso zaobljena-bela na \u010drni glini"},"content":{"rendered":"","protected":false},"excerpt":{"rendered":"<p>Izdelki iz gline so narejeni v STUDIU BECLAY v Sloveniji. Narejeni so ro\u010dno in \u017egani na visokih temperaturah (kamenina). Vsak izdelek je edinstven &#8211;  po svoji obliki, barvi in podrobnostih. Izdelki  BECLAY so sodobni in izra\u017eajo element brez\u010dasnosti s  poudarkom na ustvarjanju preprostih in uporabnih predmetov. Zdru\u017eujejo tako ob\u010dutek hrapave surove gline, kot gladke teksture, ki jo da glazura. Poleg zemlje, vode, zraka in ognja, poseben in neponovljiv pe\u010dat dajo roke, ki vsak izdelek skrbno oblikujejo na lon\u010darskem vretenu.<br \/>\nPrimerno za uporabo v pomivalnih strojih in mikrovalovnih pe\u010dicah. Pri zlaganju in pranju keramike morate biti previdni. Izogibajte se toplotnemu \u0161oku zaradi hitrega segrevanja in hlajenja.<\/p>\n","protected":false},"featured_media":11960,"template":"","meta":[],"product_cat":[98,101,103],"product_tag":[250,264,273,274,275],"_links":{"self":[{"href":"https:\/\/clayline.net\/sl\/wp-json\/wp\/v2\/product\/12402"}],"collection":[{"href":"https:\/\/clayline.net\/sl\/wp-json\/wp\/v2\/product"}],"about":[{"href":"https:\/\/clayline.net\/sl\/wp-json\/wp\/v2\/types\/product"}],"wp:featuredmedia":[{"embeddable":true,"href":"https:\/\/clayline.net\/sl\/wp-json\/wp\/v2\/media\/11960"}],"wp:attachment":[{"href":"https:\/\/clayline.net\/sl\/wp-json\/wp\/v2\/media?parent=12402"}],"wp:term":[{"taxonomy":"product_cat","embeddable":true,"href":"https:\/\/clayline.net\/sl\/wp-json\/wp\/v2\/product_cat?post=12402"},{"taxonomy":"product_tag","embeddable":true,"href":"https:\/\/clayline.net\/sl\/wp-json\/wp\/v2\/product_tag?post=12402"}],"curies":[{"name":"wp","href":"https:\/\/api.w.org\/{rel}","templated":true}]}}