{"id":4059,"date":"2020-02-03T00:33:36","date_gmt":"2020-02-02T23:33:36","guid":{"rendered":"http:\/\/clayline.net\/?page_id=4059"},"modified":"2020-03-04T00:28:27","modified_gmt":"2020-03-03T23:28:27","slug":"dostava","status":"publish","type":"page","link":"https:\/\/clayline.net\/sl\/dostava\/","title":{"rendered":"DOSTAVA"},"content":{"rendered":"<p>[vc_row][vc_column][vc_single_image image=&#8221;3939&#8243; img_size=&#8221;full&#8221; alignment=&#8221;center&#8221; onclick=&#8221;zoom&#8221; parallax_scroll=&#8221;no&#8221;]\t\t\n\t\t<div id=\"wd-5e407d0e9445e\" class=\"title-wrapper wd-wpb set-mb-s reset-last-child  wd-title-color-default wd-title-style-default wd-width-100 text-center vc_custom_1581284583552\">\n\t\t\t\n\t\t\t<div class=\"liner-continer\">\n\t\t\t\t<h3 class=\"woodmart-title-container title  wd-font-weight- wd-fontsize-l\" >DOSTAVA in PO\u0160TNINA<\/h3>\n\t\t\t\t\t\t\t<\/div>\n\t\t\t\n\t\t\t\n\t\t\t\t\t<\/div>\n\t\t\n\t\t[vc_column_text css=&#8221;.vc_custom_1580686377351{margin-bottom: 0px !important;}&#8221; el_class=&#8221;text-larger&#8221; text_larger=&#8221;no&#8221;]DOSTAVA PO\u0160ILJK<br \/>\nPredvidena odprema za izdelke na zalogi je v roku 1-4 delovnih dni. Za izdelke, ki jih nimamo na zalogi, je dobavni rok do 15 dni po prejetem naro\u010dilu. V primeru naro\u010dila ve\u010dje koli\u010dine izdelkov po naro\u010dilu, si pridr\u017eujemo pravico do dalj\u0161ega dobavnega roka. V primeru dalj\u0161ega dobavnega roka vas o tem obvestimo po elektronski po\u0161ti ali po telefonu.<\/p>\n<p>Ob nedeljah in praznikih odpreme blaga ne izvajamo.<br \/>\nZa dostavo po\u0161iljke je potreben \u010das, ki za ve\u010dino po\u0161iljk traja 1 dan, lahko pa se zaradi razlogov, na katere nimamo vpliva, ta tudi podalj\u0161a (nesre\u010de, razmere na cesti, napake, itd.).<\/p>\n<p>PARTNER ZA DOSTAVO<br \/>\nPogodbeni partnerji za dostavo po\u0161iljk je Po\u0161ta Slovenije. Kupnino krije kupec.<br \/>\nOsnovna po\u0161tnina za vse po\u0161iljke Po\u0161te Slovenije zna\u0161a 3,5 EUR, v primeru pla\u010dila po povzetju pa zna\u0161a po\u0161tnina 4,5 EUR.<br \/>\nOsebni prevzem je mo\u017een na Teslova ulica 9, 1000\u00a0Ljubljana<\/p>\n<p>DOSTAVA PO\u0160TA SLOVENIJE<br \/>\nV kolikor vas ob dostavi po\u0161iljke ni doma, vam po\u0161tar pusti listek, po\u0161iljko pa nato prevzamete na po\u0161ti. \u010ce paketa po 10 dneh ne prevzamete, vas po\u0161ta \u0161e enkrat kontaktira, po 14 dneh pa se po\u0161iljka vrne nazaj na podjetje BECLAY, promocijske storitve, d.o.o. Teslova ulica 9 1000 Ljubljana[\/vc_column_text][\/vc_column][\/vc_row]<\/p>\n","protected":false},"excerpt":{"rendered":"<p>[vc_row][vc_column][vc_single_image image=&#8221;3939&#8243; img_size=&#8221;full&#8221; alignment=&#8221;center&#8221; onclick=&#8221;zoom&#8221; parallax_scroll=&#8221;no&#8221;][vc_column_text css=&#8221;.vc_custom_1580686377351{margin-bottom: 0px !important;}&#8221; el_class=&#8221;text-larger&#8221; text_larger=&#8221;no&#8221;]DOSTAVA PO\u0160ILJK Predvidena odprema za izdelke na zalogi je v<\/p>\n","protected":false},"author":19,"featured_media":0,"parent":0,"menu_order":0,"comment_status":"closed","ping_status":"closed","template":"","meta":[],"_links":{"self":[{"href":"https:\/\/clayline.net\/sl\/wp-json\/wp\/v2\/pages\/4059"}],"collection":[{"href":"https:\/\/clayline.net\/sl\/wp-json\/wp\/v2\/pages"}],"about":[{"href":"https:\/\/clayline.net\/sl\/wp-json\/wp\/v2\/types\/page"}],"author":[{"embeddable":true,"href":"https:\/\/clayline.net\/sl\/wp-json\/wp\/v2\/users\/19"}],"replies":[{"embeddable":true,"href":"https:\/\/clayline.net\/sl\/wp-json\/wp\/v2\/comments?post=4059"}],"version-history":[{"count":0,"href":"https:\/\/clayline.net\/sl\/wp-json\/wp\/v2\/pages\/4059\/revisions"}],"wp:attachment":[{"href":"https:\/\/clayline.net\/sl\/wp-json\/wp\/v2\/media?parent=4059"}],"curies":[{"name":"wp","href":"https:\/\/api.w.org\/{rel}","templated":true}]}}