{"id":3995,"date":"2020-02-02T14:47:46","date_gmt":"2020-02-02T13:47:46","guid":{"rendered":"http:\/\/clayline.net\/ines\/"},"modified":"2022-03-30T12:12:32","modified_gmt":"2022-03-30T10:12:32","slug":"ines","status":"publish","type":"page","link":"https:\/\/clayline.net\/sl\/ines\/","title":{"rendered":"O NAS"},"content":{"rendered":"<p>[vc_row][vc_column][vc_empty_space height=&#8221;80px&#8221; woodmart_hide_large=&#8221;0&#8243; woodmart_hide_medium=&#8221;0&#8243; woodmart_hide_small=&#8221;0&#8243; woodmart_hide_extra_small=&#8221;0&#8243;][\/vc_column][\/vc_row][vc_row full_width=&#8221;stretch_row_content_no_spaces&#8221; equal_height=&#8221;yes&#8221; css=&#8221;.vc_custom_1499681239398{margin-bottom: 10vh !important;padding-right: 5% !important;}&#8221;][vc_column width=&#8221;1\/2&#8243; woodmart_sticky_column=&#8221;true&#8221; css=&#8221;.vc_custom_1499679948409{padding-top: 6vh !important;padding-right: 5% !important;padding-left: 7% !important;}&#8221; offset=&#8221;vc_col-lg-offset-1 vc_col-lg-5 vc_col-md-offset-1 vc_col-md-8 vc_col-xs-12&#8243;][vc_single_image image=&#8221;5041&#8243; img_size=&#8221;medium&#8221; parallax_scroll=&#8221;no&#8221;][vc_column_text 0=&#8221;&#8221; css=&#8221;.vc_custom_1648635140222{margin-bottom: 25px !important;padding-right: 5% !important;}&#8221; el_class=&#8221;text-larger&#8221; text_larger=&#8221;no&#8221; woodmart_inline=&#8221;no&#8221;]Rojena je 27.2.1968 v Ljubljani. Obiskovala je srednjo \u0161olo za oblikovanje in fotografijo v Ljubljani. Z lon\u010darstvom se je za\u010dela ukvarjati v delavnici Urbana Magu\u0161arja.[\/vc_column_text][vc_column_text 0=&#8221;&#8221; css=&#8221;.vc_custom_1648635132055{margin-bottom: 25px !important;padding-right: 5% !important;}&#8221; el_class=&#8221;text-larger&#8221; text_larger=&#8221;no&#8221; woodmart_inline=&#8221;no&#8221;]Kasneje se je izobra\u017eevala pri Richardu Phaetheanu v Angliji in pri mojstru Norihiku Ogisuju na Japonskem, kjer se je spoznala s tehnikama shino in oribe, ob tem pa se je spoznala s tradicionalno Japonsko peko Anagama. V Ljubljani, ob reki Ljubljanici ima svoj atelje, kjer ustvarja in pou\u010duje na lon\u010darskem vretenu. Navdu\u0161uje jo predvsem glina za visoko temperaturo in porcelan. Razstavlja doma in tujini.[\/vc_column_text]<div id=\"wd-5e5e9c5127206\" class=\"wd-button-wrapper woodmart-button-wrapper text-left\"><a href=\"http:\/\/clayline.net\/sl\/trgovina\/?filter_brand=ines-sl\" title=\"\" class=\"btn btn-color-primary btn-style-default btn-shape-semi-round btn-size-large\">POGLEJ IZDELKE<\/a><\/div>[\/vc_column][vc_column width=&#8221;1\/2&#8243; css=&#8221;.vc_custom_1580650407749{padding-top: 6vh !important;padding-right: 5% !important;padding-left: 7% !important;}&#8221; mobile_bg_img_hidden=&#8221;no&#8221; tablet_bg_img_hidden=&#8221;no&#8221; woodmart_parallax=&#8221;0&#8243; woodmart_sticky_column=&#8221;false&#8221; parallax_scroll=&#8221;no&#8221; mobile_reset_margin=&#8221;no&#8221; tablet_reset_margin=&#8221;no&#8221;]\t\t<div id=\"gallery_712\" class=\"wd-images-gallery wd-justify-center wd-items-middle view-grid photoswipe-images\" >\n\t\t\t<div class=\"gallery-images row wd-spacing-6\">\n\t\t\t\t\t\t\t\t\t\t\t\t\t\t\t<div class=\"wd-gallery-item col-md-4 col-6\">\n\t\t\t\t\t\t\t\t\t\t\t\t\t\t<a href=\"https:\/\/clayline.net\/wp-content\/uploads\/2020\/01\/barbara3.png\" data-elementor-open-lightbox=\"no\" data-index=\"1\" data-width=\"276\" data-height=\"204\"  >\n\t\t\t\t\t\t\t\t\n\t\t\t\t\t\t\t\t\t\t\t\t\t\t\t\t\t<img width=\"276\" height=\"204\" src=\"https:\/\/clayline.net\/wp-content\/uploads\/2020\/01\/barbara3.png\" class=\"wd-gallery-image image-1 attachment-medium\" alt=\"\" srcset=\"https:\/\/clayline.net\/wp-content\/uploads\/2020\/01\/barbara3.png 276w, https:\/\/clayline.net\/wp-content\/uploads\/2020\/01\/barbara3-150x111.png 150w\" sizes=\"(max-width: 276px) 100vw, 276px\" \/>\t\t\t\t\t\t\t\t\n\n\t\t\t\t\t\t\t\t\t\t\t\t\t\t\t<\/a>\n\t\t\t\t\t\t\t\t\t\t\t\t<\/div>\n\t\t\t\t\t\t\t\t\t\t\t<div class=\"wd-gallery-item col-md-4 col-6\">\n\t\t\t\t\t\t\t\t\t\t\t\t\t\t<a href=\"https:\/\/clayline.net\/wp-content\/uploads\/2020\/01\/barbara2.png\" data-elementor-open-lightbox=\"no\" data-index=\"2\" data-width=\"224\" data-height=\"297\"  >\n\t\t\t\t\t\t\t\t\n\t\t\t\t\t\t\t\t\t\t\t\t\t\t\t\t\t<img width=\"224\" height=\"297\" src=\"https:\/\/clayline.net\/wp-content\/uploads\/2020\/01\/barbara2.png\" class=\"wd-gallery-image image-2 attachment-medium\" alt=\"\" srcset=\"https:\/\/clayline.net\/wp-content\/uploads\/2020\/01\/barbara2.png 224w, https:\/\/clayline.net\/wp-content\/uploads\/2020\/01\/barbara2-150x199.png 150w\" sizes=\"(max-width: 224px) 100vw, 224px\" \/>\t\t\t\t\t\t\t\t\n\n\t\t\t\t\t\t\t\t\t\t\t\t\t\t\t<\/a>\n\t\t\t\t\t\t\t\t\t\t\t\t<\/div>\n\t\t\t\t\t\t\t\t\t\t\t<div class=\"wd-gallery-item col-md-4 col-6\">\n\t\t\t\t\t\t\t\t\t\t\t\t\t\t<a href=\"https:\/\/clayline.net\/wp-content\/uploads\/2020\/01\/barbara1.png\" data-elementor-open-lightbox=\"no\" data-index=\"3\" data-width=\"291\" data-height=\"358\"  >\n\t\t\t\t\t\t\t\t\n\t\t\t\t\t\t\t\t\t\t\t\t\t\t\t\t\t<img width=\"244\" height=\"300\" src=\"https:\/\/clayline.net\/wp-content\/uploads\/2020\/01\/barbara1-244x300.png\" class=\"wd-gallery-image image-3 attachment-medium\" alt=\"\" srcset=\"https:\/\/clayline.net\/wp-content\/uploads\/2020\/01\/barbara1-244x300.png 244w, https:\/\/clayline.net\/wp-content\/uploads\/2020\/01\/barbara1-150x185.png 150w, https:\/\/clayline.net\/wp-content\/uploads\/2020\/01\/barbara1.png 291w\" sizes=\"(max-width: 244px) 100vw, 244px\" \/>\t\t\t\t\t\t\t\t\n\n\t\t\t\t\t\t\t\t\t\t\t\t\t\t\t<\/a>\n\t\t\t\t\t\t\t\t\t\t\t\t<\/div>\n\t\t\t\t\t\t\t\t\t\t\t<div class=\"wd-gallery-item col-md-4 col-6\">\n\t\t\t\t\t\t\t\t\t\t\t\t\t\t<a href=\"https:\/\/clayline.net\/wp-content\/uploads\/2020\/01\/barbara4.png\" data-elementor-open-lightbox=\"no\" data-index=\"4\" data-width=\"467\" data-height=\"288\"  >\n\t\t\t\t\t\t\t\t\n\t\t\t\t\t\t\t\t\t\t\t\t\t\t\t\t\t<img width=\"300\" height=\"185\" src=\"https:\/\/clayline.net\/wp-content\/uploads\/2020\/01\/barbara4-300x185.png\" class=\"wd-gallery-image image-4 attachment-medium\" alt=\"\" srcset=\"https:\/\/clayline.net\/wp-content\/uploads\/2020\/01\/barbara4-300x185.png 300w, https:\/\/clayline.net\/wp-content\/uploads\/2020\/01\/barbara4-150x93.png 150w, https:\/\/clayline.net\/wp-content\/uploads\/2020\/01\/barbara4.png 467w\" sizes=\"(max-width: 300px) 100vw, 300px\" \/>\t\t\t\t\t\t\t\t\n\n\t\t\t\t\t\t\t\t\t\t\t\t\t\t\t<\/a>\n\t\t\t\t\t\t\t\t\t\t\t\t<\/div>\n\t\t\t\t\t\t\t\t\t\t\t<div class=\"wd-gallery-item col-md-4 col-6\">\n\t\t\t\t\t\t\t\t\t\t\t\t\t\t<a href=\"https:\/\/clayline.net\/wp-content\/uploads\/2020\/02\/DSC_0009-scaled.jpg\" data-elementor-open-lightbox=\"no\" data-index=\"5\" data-width=\"2560\" data-height=\"1979\"  >\n\t\t\t\t\t\t\t\t\n\t\t\t\t\t\t\t\t\t\t\t\t\t\t\t\t\t<img width=\"300\" height=\"232\" src=\"https:\/\/clayline.net\/wp-content\/uploads\/2020\/02\/DSC_0009-300x232.jpg\" class=\"wd-gallery-image image-5 attachment-medium\" alt=\"\" srcset=\"https:\/\/clayline.net\/wp-content\/uploads\/2020\/02\/DSC_0009-300x232.jpg 300w, https:\/\/clayline.net\/wp-content\/uploads\/2020\/02\/DSC_0009-scaled-150x116.jpg 150w, https:\/\/clayline.net\/wp-content\/uploads\/2020\/02\/DSC_0009-scaled-1200x928.jpg 1200w, https:\/\/clayline.net\/wp-content\/uploads\/2020\/02\/DSC_0009-1024x791.jpg 1024w, https:\/\/clayline.net\/wp-content\/uploads\/2020\/02\/DSC_0009-768x594.jpg 768w, https:\/\/clayline.net\/wp-content\/uploads\/2020\/02\/DSC_0009-1536x1187.jpg 1536w, https:\/\/clayline.net\/wp-content\/uploads\/2020\/02\/DSC_0009-2048x1583.jpg 2048w\" sizes=\"(max-width: 300px) 100vw, 300px\" \/>\t\t\t\t\t\t\t\t\n\n\t\t\t\t\t\t\t\t\t\t\t\t\t\t\t<\/a>\n\t\t\t\t\t\t\t\t\t\t\t\t<\/div>\n\t\t\t\t\t\t\t\t\t\t\t<div class=\"wd-gallery-item col-md-4 col-6\">\n\t\t\t\t\t\t\t\t\t\t\t\t\t\t<a href=\"https:\/\/clayline.net\/wp-content\/uploads\/2020\/02\/DSC_0011-4.jpg\" data-elementor-open-lightbox=\"no\" data-index=\"6\" data-width=\"1818\" data-height=\"2033\"  >\n\t\t\t\t\t\t\t\t\n\t\t\t\t\t\t\t\t\t\t\t\t\t\t\t\t\t<img width=\"268\" height=\"300\" src=\"https:\/\/clayline.net\/wp-content\/uploads\/2020\/02\/DSC_0011-4-268x300.jpg\" class=\"wd-gallery-image image-6 attachment-medium\" alt=\"\" srcset=\"https:\/\/clayline.net\/wp-content\/uploads\/2020\/02\/DSC_0011-4-268x300.jpg 268w, https:\/\/clayline.net\/wp-content\/uploads\/2020\/02\/DSC_0011-4-150x168.jpg 150w, https:\/\/clayline.net\/wp-content\/uploads\/2020\/02\/DSC_0011-4-1200x1342.jpg 1200w, https:\/\/clayline.net\/wp-content\/uploads\/2020\/02\/DSC_0011-4-916x1024.jpg 916w, https:\/\/clayline.net\/wp-content\/uploads\/2020\/02\/DSC_0011-4-768x859.jpg 768w, https:\/\/clayline.net\/wp-content\/uploads\/2020\/02\/DSC_0011-4-1374x1536.jpg 1374w, https:\/\/clayline.net\/wp-content\/uploads\/2020\/02\/DSC_0011-4.jpg 1818w\" sizes=\"(max-width: 268px) 100vw, 268px\" \/>\t\t\t\t\t\t\t\t\n\n\t\t\t\t\t\t\t\t\t\t\t\t\t\t\t<\/a>\n\t\t\t\t\t\t\t\t\t\t\t\t<\/div>\n\t\t\t\t\t\t\t\t\t\t\t\t<\/div>\n\t\t<\/div>\n\t\t\t\t[\/vc_column][\/vc_row]<\/p>\n","protected":false},"excerpt":{"rendered":"<p>[vc_row][vc_column][vc_empty_space height=&#8221;80px&#8221; woodmart_hide_large=&#8221;0&#8243; woodmart_hide_medium=&#8221;0&#8243; woodmart_hide_small=&#8221;0&#8243; woodmart_hide_extra_small=&#8221;0&#8243;][\/vc_column][\/vc_row][vc_row full_width=&#8221;stretch_row_content_no_spaces&#8221; equal_height=&#8221;yes&#8221; css=&#8221;.vc_custom_1499681239398{margin-bottom: 10vh !important;padding-right: 5% !important;}&#8221;][vc_column width=&#8221;1\/2&#8243; woodmart_sticky_column=&#8221;true&#8221; css=&#8221;.vc_custom_1499679948409{padding-top: 6vh !important;padding-right: 5% !important;padding-left:<\/p>\n","protected":false},"author":19,"featured_media":0,"parent":0,"menu_order":0,"comment_status":"closed","ping_status":"closed","template":"","meta":[],"_links":{"self":[{"href":"https:\/\/clayline.net\/sl\/wp-json\/wp\/v2\/pages\/3995"}],"collection":[{"href":"https:\/\/clayline.net\/sl\/wp-json\/wp\/v2\/pages"}],"about":[{"href":"https:\/\/clayline.net\/sl\/wp-json\/wp\/v2\/types\/page"}],"author":[{"embeddable":true,"href":"https:\/\/clayline.net\/sl\/wp-json\/wp\/v2\/users\/19"}],"replies":[{"embeddable":true,"href":"https:\/\/clayline.net\/sl\/wp-json\/wp\/v2\/comments?post=3995"}],"version-history":[{"count":0,"href":"https:\/\/clayline.net\/sl\/wp-json\/wp\/v2\/pages\/3995\/revisions"}],"wp:attachment":[{"href":"https:\/\/clayline.net\/sl\/wp-json\/wp\/v2\/media?parent=3995"}],"curies":[{"name":"wp","href":"https:\/\/api.w.org\/{rel}","templated":true}]}}