{"id":3993,"date":"2017-06-27T06:32:31","date_gmt":"2017-06-27T06:32:31","guid":{"rendered":"http:\/\/clayline.net\/contact-us\/"},"modified":"2026-01-21T14:42:24","modified_gmt":"2026-01-21T12:42:24","slug":"kontakt","status":"publish","type":"page","link":"https:\/\/clayline.net\/sl\/kontakt\/","title":{"rendered":"KONTAKT"},"content":{"rendered":"<p>[vc_row css=&#8221;.vc_custom_1583067273149{margin-top: 80px !important;}&#8221; mobile_bg_img_hidden=&#8221;no&#8221; tablet_bg_img_hidden=&#8221;no&#8221; woodmart_parallax=&#8221;0&#8243; woodmart_gradient_switch=&#8221;no&#8221; row_reverse_mobile=&#8221;0&#8243; row_reverse_tablet=&#8221;0&#8243; woodmart_disable_overflow=&#8221;0&#8243;][vc_column width=&#8221;1\/3&#8243;][vc_empty_space height=&#8221;20px&#8221; woodmart_hide_large=&#8221;0&#8243; woodmart_hide_medium=&#8221;0&#8243; woodmart_hide_small=&#8221;0&#8243; woodmart_hide_extra_small=&#8221;0&#8243;][vc_single_image image=&#8221;5034&#8243; img_size=&#8221;&#8221; alignment=&#8221;center&#8221; css=&#8221;.vc_custom_1583688243633{margin-bottom: 0px !important;}&#8221; parallax_scroll=&#8221;no&#8221;][vc_empty_space height=&#8221;95px&#8221; woodmart_hide_large=&#8221;0&#8243; woodmart_hide_medium=&#8221;1&#8243; woodmart_hide_small=&#8221;1&#8243; woodmart_hide_extra_small=&#8221;1&#8243;]\t\t\n\t\t<div id=\"wd-5e5bb1c2ec294\" class=\"title-wrapper wd-wpb set-mb-s reset-last-child  wd-title-color-default wd-title-style-default wd-width-100 text-center \">\n\t\t\t\n\t\t\t<div class=\"liner-continer\">\n\t\t\t\t<h4 class=\"woodmart-title-container title  wd-font-weight- wd-fontsize-l\" >BARBARA SKUBIC<\/h4>\n\t\t\t\t\t\t\t<\/div>\n\t\t\t\n\t\t\t\n\t\t\t\t\t<\/div>\n\t\t\n\t\t[vc_column_text css=&#8221;.vc_custom_1583178877039{margin-bottom: 20px !important;border-left-width: 4px !important;padding-left: 20px !important;border-left-color: #d1ae82 !important;border-left-style: solid !important;}&#8221; text_larger=&#8221;no&#8221;]<\/p>\n<p style=\"text-align: center;\">Barbara izdeluje glinene izdelke \u2013 kamenino, ki imajo sodobno in preprosto obliko. Pri delu jo navdihuje narava in \u017eivali, ki jo obdajajo. Vsi izdelki Barbare so narejeni ro\u010dno v njenem studiu BECLAY v majhni vasici Zaplana.<\/p>\n<p>[\/vc_column_text][vc_empty_space height=&#8221;20px&#8221; woodmart_hide_large=&#8221;0&#8243; woodmart_hide_medium=&#8221;0&#8243; woodmart_hide_small=&#8221;0&#8243; woodmart_hide_extra_small=&#8221;0&#8243;][vc_column_text text_larger=&#8221;no&#8221; woodmart_inline=&#8221;no&#8221;]<\/p>\n<p style=\"text-align: center;\"><span style=\"color: #333333;\"><strong>Email:<\/strong><\/span> <a href=\"mailto:info@beclay.net\" target=\"_blank\" rel=\"noopener\">barbarasv@gmail.com<\/a><\/p>\n<p style=\"text-align: center;\"><span style=\"color: #333333;\"><strong>Tel:<\/strong><\/span>\u00a0 <a href=\"tel:+386 31 343 059\">+386 31 343 059<\/a><\/p>\n<p style=\"text-align: center;\"><span style=\"color: #333333;\"><strong>Naslov:<\/strong><\/span>\u00a0 <a href=\"https:\/\/goo.gl\/maps\/xLg7q3uXyPe4ZA13A\">Ograje 58, 1360 Vrhnika<\/a><\/p>\n<p>[\/vc_column_text][\/vc_column][vc_column width=&#8221;1\/3&#8243;][vc_single_image image=&#8221;4621&#8243; alignment=&#8221;center&#8221; css=&#8221;.vc_custom_1583178818800{margin-bottom: 0px !important;}&#8221; parallax_scroll=&#8221;no&#8221;][vc_empty_space height=&#8221;36px&#8221; woodmart_hide_large=&#8221;0&#8243; woodmart_hide_medium=&#8221;0&#8243; woodmart_hide_small=&#8221;0&#8243; woodmart_hide_extra_small=&#8221;0&#8243;]\t\t\n\t\t<div id=\"wd-5e5bb15d2a220\" class=\"title-wrapper wd-wpb set-mb-s reset-last-child  wd-title-color-default wd-title-style-default wd-width-100 text-center \">\n\t\t\t\n\t\t\t<div class=\"liner-continer\">\n\t\t\t\t<h4 class=\"woodmart-title-container title  wd-font-weight- wd-fontsize-l\" >MATEJA KAPUN ZAJEC<\/h4>\n\t\t\t\t\t\t\t<\/div>\n\t\t\t\n\t\t\t\n\t\t\t\t\t<\/div>\n\t\t\n\t\t[vc_column_text css=&#8221;.vc_custom_1648641524052{margin-bottom: 20px !important;border-left-width: 4px !important;padding-left: 20px !important;border-left-color: #d1ae82 !important;border-left-style: solid !important;}&#8221; text_larger=&#8221;no&#8221; woodmart_inline=&#8221;no&#8221;]<\/p>\n<p style=\"text-align: center;\">Pri svojem delu se Mateja v osnovi osredoto\u010da na uporabno keramiko s preprostim, naravnim stilom. Proces in izdelke lahko vidite v studiu INHAND na Mestnem trgu v Ljubljani.<\/p>\n<p>[\/vc_column_text][vc_empty_space height=&#8221;50px&#8221; woodmart_hide_large=&#8221;0&#8243; woodmart_hide_medium=&#8221;1&#8243; woodmart_hide_small=&#8221;1&#8243; woodmart_hide_extra_small=&#8221;1&#8243;][vc_column_text text_larger=&#8221;no&#8221; woodmart_inline=&#8221;no&#8221;]<\/p>\n<p style=\"text-align: center;\"><span style=\"color: #333333;\"><strong>Email:<\/strong><\/span>\u00a0 <a href=\"mailto:info@inhand-studio.net\" target=\"_blank\" rel=\"noopener\">info@inhand-studio.net<\/a><\/p>\n<p style=\"text-align: center;\"><span style=\"color: #333333;\"><strong>Tel:<\/strong><\/span>\u00a0 <a href=\"tel:+386 31 392 022\">+386 31 392 022<\/a><\/p>\n<p style=\"text-align: center;\"><span style=\"color: #333333;\"><strong>Naslov:<\/strong><\/span>\u00a0 <a href=\"https:\/\/goo.gl\/maps\/CDp2HzKYTzgWUDqW8\">Mestni trg 10, 1000 Ljubljana<\/a><\/p>\n<p>[\/vc_column_text][\/vc_column][vc_column width=&#8221;1\/3&#8243;][vc_empty_space height=&#8221;20px&#8221; woodmart_hide_large=&#8221;0&#8243; woodmart_hide_medium=&#8221;0&#8243; woodmart_hide_small=&#8221;0&#8243; woodmart_hide_extra_small=&#8221;0&#8243;][vc_single_image image=&#8221;5041&#8243; img_size=&#8221;&#8221; alignment=&#8221;center&#8221; css=&#8221;.vc_custom_1583688868927{margin-bottom: 0px !important;}&#8221; parallax_scroll=&#8221;no&#8221;][vc_empty_space height=&#8221;95px&#8221; woodmart_hide_large=&#8221;0&#8243; woodmart_hide_medium=&#8221;1&#8243; woodmart_hide_small=&#8221;1&#8243; woodmart_hide_extra_small=&#8221;1&#8243;]\t\t\n\t\t<div id=\"wd-5e5bb2182ee2b\" class=\"title-wrapper wd-wpb set-mb-s reset-last-child  wd-title-color-default wd-title-style-default wd-width-100 text-center \">\n\t\t\t\n\t\t\t<div class=\"liner-continer\">\n\t\t\t\t<h4 class=\"woodmart-title-container title  wd-font-weight- wd-fontsize-l\" >INES KOVA\u010cI\u010c<\/h4>\n\t\t\t\t\t\t\t<\/div>\n\t\t\t\n\t\t\t\n\t\t\t\t\t<\/div>\n\t\t\n\t\t[vc_column_text css=&#8221;.vc_custom_1583178906598{margin-bottom: 20px !important;border-left-width: 4px !important;padding-left: 20px !important;border-left-color: #d1ae82 !important;border-left-style: solid !important;}&#8221; text_larger=&#8221;no&#8221;]<\/p>\n<p style=\"text-align: center;\">Rojena 27.2.1968 v Ljubljani. Obiskovala srednjo \u0161olo za oblikovanje in fotografijo v Ljubljani. Z lon\u010darstvom se je za\u010dela ukvarjati v delavnici Urbana Magu\u0161arja.<\/p>\n<p>[\/vc_column_text][vc_empty_space height=&#8221;40px&#8221; woodmart_hide_large=&#8221;0&#8243; woodmart_hide_medium=&#8221;0&#8243; woodmart_hide_small=&#8221;0&#8243; woodmart_hide_extra_small=&#8221;0&#8243;][vc_column_text text_larger=&#8221;no&#8221; woodmart_inline=&#8221;no&#8221;]<\/p>\n<p style=\"text-align: center;\"><span style=\"color: #333333;\"><strong>Email:<\/strong><\/span>\u00a0 <a href=\"mailto:inespottery@gmail.com\">inespottery@gmail.com<\/a><\/p>\n<p style=\"text-align: center;\"><span style=\"color: #333333;\"><strong>Tel:<\/strong><\/span>\u00a0 <a href=\"tel:+386 40 715 246\">+386 40 715 246<\/a><\/p>\n<p style=\"text-align: center;\"><span style=\"color: #333333;\"><strong>Kontakt:<\/strong><\/span>\u00a0 <a href=\"https:\/\/goo.gl\/maps\/ewTzajfCGQ4hwEe8A\">Trpin\u010deva 71, 1000 Ljubljana<\/a><\/p>\n<p>[\/vc_column_text][\/vc_column][vc_column][vc_row_inner][vc_column_inner width=&#8221;1\/3&#8243;][vc_gmaps link=&#8221;#E-8_JTNDaWZyYW1lJTIwc3JjJTNEJTIyaHR0cHMlM0ElMkYlMkZ3d3cuZ29vZ2xlLmNvbSUyRm1hcHMlMkZlbWJlZCUzRnBiJTNEJTIxMW0xOCUyMTFtMTIlMjExbTMlMjExZDE3NzU0MS40MjQyNzA0NjM3NiUyMTJkMTQuMTg2NTYxMzM1NDg4Mzg3JTIxM2Q0NS45NDk1ODk2MjUwNjE3MDUlMjEybTMlMjExZjAlMjEyZjAlMjEzZjAlMjEzbTIlMjExaTEwMjQlMjEyaTc2OCUyMTRmMTMuMSUyMTNtMyUyMTFtMiUyMTFzMHg0NzdhZDdlZWFlNGQwYWM1JTI1M0EweDU1MzdhMzc4OTAxY2JlOWQlMjEyc09ncmFqZSUyNTIwNTglMjUyQyUyNTIwMTM2MCUyNTIwVnJobmlrYSUyMTVlMCUyMTNtMiUyMTFzc2wlMjEyc3NpJTIxNHYxNjQ1NzAxMDYzMDYwJTIxNW0yJTIxMXNzbCUyMTJzc2klMjIlMjB3aWR0aCUzRCUyMjYwMCUyMiUyMGhlaWdodCUzRCUyMjQ1MCUyMiUyMHN0eWxlJTNEJTIyYm9yZGVyJTNBMCUzQiUyMiUyMGFsbG93ZnVsbHNjcmVlbiUzRCUyMiUyMiUyMGxvYWRpbmclM0QlMjJsYXp5JTIyJTNFJTNDJTJGaWZyYW1lJTNF&#8221;][\/vc_column_inner][vc_column_inner width=&#8221;1\/3&#8243;][vc_gmaps link=&#8221;#E-8_JTNDaWZyYW1lJTIwc3JjJTNEJTIyaHR0cHMlM0ElMkYlMkZ3d3cuZ29vZ2xlLmNvbSUyRm1hcHMlMkZlbWJlZCUzRnBiJTNEJTIxMW0xOCUyMTFtMTIlMjExbTMlMjExZDI3NjkuMTEzMjY0MzEzMTIyJTIxMmQxNC41MDQxODEyMTYyMjM5MSUyMTNkNDYuMDQ4ODM5MDAyMjYxNiUyMTJtMyUyMTFmMCUyMTJmMCUyMTNmMCUyMTNtMiUyMTFpMTAyNCUyMTJpNzY4JTIxNGYxMy4xJTIxM20zJTIxMW0yJTIxMXMweDQ3NjUyZDYzN2RmNGE3MDElMjUzQTB4ODJjNTc0YTJmNmQ0ODA5NiUyMTJzTWVzdG5pJTI1MjB0cmclMjUyMDEwJTI1MkMlMjUyMDEwMDAlMjUyMExqdWJsamFuYSUyMTVlMCUyMTNtMiUyMTFzZW4lMjEyc3NpJTIxNHYxNTgzMDg1NTA4ODUzJTIxNW0yJTIxMXNlbiUyMTJzc2klMjIlMjB3aWR0aCUzRCUyMjYwMCUyMiUyMGhlaWdodCUzRCUyMjQ1MCUyMiUyMGZyYW1lYm9yZGVyJTNEJTIyMCUyMiUyMHN0eWxlJTNEJTIyYm9yZGVyJTNBMCUzQiUyMiUyMGFsbG93ZnVsbHNjcmVlbiUzRCUyMiUyMiUzRSUzQyUyRmlmcmFtZSUzRQ==&#8221;][\/vc_column_inner][vc_column_inner width=&#8221;1\/3&#8243;][vc_gmaps link=&#8221;#E-8_JTNDaWZyYW1lJTIwc3JjJTNEJTIyaHR0cHMlM0ElMkYlMkZ3d3cuZ29vZ2xlLmNvbSUyRm1hcHMlMkZlbWJlZCUzRnBiJTNEJTIxMW0xOCUyMTFtMTIlMjExbTMlMjExZDI3NjkuMDc1ODc1MDU1NzIzNCUyMTJkMTQuNTYwMDExMTE1Nzk4MDM5JTIxM2Q0Ni4wNDk1ODQ4MDIyMTIwNzQlMjEybTMlMjExZjAlMjEyZjAlMjEzZjAlMjEzbTIlMjExaTEwMjQlMjEyaTc2OCUyMTRmMTMuMSUyMTNtMyUyMTFtMiUyMTFzMHg0NzY1MzIwNjI3YjliNmZmJTI1M0EweGE1ZTA4MjRkYzRjMGM5YzklMjEyc1RycGluJTI1QzQlMjU4RGV2YSUyNTIwdWxpY2ElMjUyMDcxJTI1MkMlMjUyMDEwMDAlMjUyMExqdWJsamFuYSUyMTVlMCUyMTNtMiUyMTFzZW4lMjEyc3NpJTIxNHYxNjMyNjgzNDEzMTYwJTIxNW0yJTIxMXNlbiUyMTJzc2klMjIlMjB3aWR0aCUzRCUyMjYwMCUyMiUyMGhlaWdodCUzRCUyMjQ1MCUyMiUyMGZyYW1lYm9yZGVyJTNEJTIyMCUyMiUyMHN0eWxlJTNEJTIyYm9yZGVyJTNBMCUzQiUyMiUyMGFsbG93ZnVsbHNjcmVlbiUzRCUyMiUyMiUzRSUzQyUyRmlmcmFtZSUzRQ==&#8221;][\/vc_column_inner][\/vc_row_inner][\/vc_column][\/vc_row][vc_row][vc_column][vc_empty_space height=&#8221;20px&#8221; woodmart_hide_large=&#8221;0&#8243; woodmart_hide_medium=&#8221;0&#8243; woodmart_hide_small=&#8221;0&#8243; woodmart_hide_extra_small=&#8221;0&#8243;][vc_zigzag][vc_empty_space height=&#8221;20px&#8221; woodmart_hide_large=&#8221;0&#8243; woodmart_hide_medium=&#8221;0&#8243; woodmart_hide_small=&#8221;0&#8243; woodmart_hide_extra_small=&#8221;0&#8243;][\/vc_column][\/vc_row][vc_row][vc_column width=&#8221;1\/2&#8243;][vc_column_text woodmart_inline=&#8221;no&#8221; text_larger=&#8221;no&#8221;]<\/p>\n<h3>BECLAY STUDIO<\/h3>\n<ul>\n<li>Ime: BECLAY, studio keramike, Barbara Skubic Vengu\u0161t s.p., Teslova 9, 1000 Ljubljana, SI<\/li>\n<li>Dav\u010dma \u0161tevilka: SI:28299795<\/li>\n<li>Mati\u010dna \u0161tevilka: 8353816000<\/li>\n<li>Telefon: <a href=\"https:\/\/+38631343059\">(+386) 031343059<\/a><\/li>\n<li>Ban\u010dni ra\u010dun: SI566100 0002 1202 510, BIC\/SWIFT: HDELSI22<\/li>\n<li>Datum registracije: 15.1.2019<\/li>\n<li>Direktor: Barbara Skubic Vengu\u0161t<\/li>\n<\/ul>\n<p>[\/vc_column_text][\/vc_column][vc_column width=&#8221;1\/2&#8243;][vc_column_text woodmart_inline=&#8221;no&#8221; text_larger=&#8221;no&#8221;]<\/p>\n<h3>INHAND STUDIO<\/h3>\n<ul>\n<li>Full name: INHAND, Mateja Kapun Zajec s.p., Mestni trg 10, 1000 Ljubljana, SI<\/li>\n<li>VAT number: 80530249 (company is not liable to value added taxation)<\/li>\n<li>Registration number: 8884587000<\/li>\n<li>E-mail: <a href=\"mailto:info@inhand.si\">info@inhand.net<\/a><\/li>\n<li>Phone number: <a href=\"tel:+386031392022\">(+386) 031392022<\/a><\/li>\n<li>IBAN bank account: SI56 6100 0002 5959 778 BIC\/SWIFT: HDELSI22<\/li>\n<li>Date of Registration: 1.6.2021<\/li>\n<\/ul>\n<p>[\/vc_column_text][\/vc_column][\/vc_row]<\/p>\n","protected":false},"excerpt":{"rendered":"<p>[vc_row css=&#8221;.vc_custom_1583067273149{margin-top: 80px !important;}&#8221; mobile_bg_img_hidden=&#8221;no&#8221; tablet_bg_img_hidden=&#8221;no&#8221; woodmart_parallax=&#8221;0&#8243; woodmart_gradient_switch=&#8221;no&#8221; row_reverse_mobile=&#8221;0&#8243; row_reverse_tablet=&#8221;0&#8243; woodmart_disable_overflow=&#8221;0&#8243;][vc_column width=&#8221;1\/3&#8243;][vc_empty_space height=&#8221;20px&#8221; woodmart_hide_large=&#8221;0&#8243; woodmart_hide_medium=&#8221;0&#8243; woodmart_hide_small=&#8221;0&#8243; woodmart_hide_extra_small=&#8221;0&#8243;][vc_single_image image=&#8221;5034&#8243; img_size=&#8221;&#8221; alignment=&#8221;center&#8221;<\/p>\n","protected":false},"author":19,"featured_media":0,"parent":0,"menu_order":0,"comment_status":"closed","ping_status":"closed","template":"","meta":[],"_links":{"self":[{"href":"https:\/\/clayline.net\/sl\/wp-json\/wp\/v2\/pages\/3993"}],"collection":[{"href":"https:\/\/clayline.net\/sl\/wp-json\/wp\/v2\/pages"}],"about":[{"href":"https:\/\/clayline.net\/sl\/wp-json\/wp\/v2\/types\/page"}],"author":[{"embeddable":true,"href":"https:\/\/clayline.net\/sl\/wp-json\/wp\/v2\/users\/19"}],"replies":[{"embeddable":true,"href":"https:\/\/clayline.net\/sl\/wp-json\/wp\/v2\/comments?post=3993"}],"version-history":[{"count":11,"href":"https:\/\/clayline.net\/sl\/wp-json\/wp\/v2\/pages\/3993\/revisions"}],"predecessor-version":[{"id":12931,"href":"https:\/\/clayline.net\/sl\/wp-json\/wp\/v2\/pages\/3993\/revisions\/12931"}],"wp:attachment":[{"href":"https:\/\/clayline.net\/sl\/wp-json\/wp\/v2\/media?parent=3993"}],"curies":[{"name":"wp","href":"https:\/\/api.w.org\/{rel}","templated":true}]}}